{"id":4910,"date":"2019-03-18T15:17:26","date_gmt":"2019-03-18T14:17:26","guid":{"rendered":"https:\/\/www.hrxperts.de\/kontakt\/"},"modified":"2022-03-18T16:06:46","modified_gmt":"2022-03-18T15:06:46","slug":"contact","status":"publish","type":"page","link":"https:\/\/www.hrxperts.de\/en\/contact\/","title":{"rendered":"Contact"},"content":{"rendered":"<div  class=\"tatsu-fqpfj6x4y8bmcvmx tatsu-section    tatsu-clearfix\" data-title=\"\"  data-headerscheme=\"background--light\"><div class='tatsu-section-pad clearfix' data-padding='{\"d\":\"30px 0% 80px 0%\"}' data-padding-top='30px'><div class=\"tatsu-row-wrap  tatsu-wrap tatsu-row-has-two-cols tatsu-medium-gutter tatsu-reg-cols  tatsu-clearfix tatsu-fqpfj6x51uahhrgx\" ><div  class=\"tatsu-row \" ><div  class=\"tatsu-column  tatsu-column-no-bg tatsu-two-third tatsu-column-image-none tatsu-column-effect-none  tatsu-fqpfj6x522bo4vak\"  data-parallax-speed=\"0\" style=\"\"><div class=\"tatsu-column-inner \" ><div class=\"tatsu-column-pad-wrap\"><div class=\"tatsu-column-pad\" ><div  class=\"tatsu-module tatsu-text-block-wrap tatsu-fqpfj6x528ai8xn2  \"><div class=\"tatsu-text-inner tatsu-align-center  clearfix\" ><style>.tatsu-fqpfj6x528ai8xn2.tatsu-text-block-wrap .tatsu-text-inner{text-align: left;}<\/style>\n<h1>Contact us<\/h1>\n<\/div><\/div><div  class=\"tatsu-module tatsu-text-block-wrap tatsu-ByItcE6vV  \"><div class=\"tatsu-text-inner tatsu-align-center  clearfix\" ><style>.tatsu-ByItcE6vV.tatsu-text-block-wrap .tatsu-text-inner{width: 100%;text-align: left;}<\/style>\n<div class=\"wpcf7 no-js\" id=\"wpcf7-f4903-o1\" lang=\"en-US\" dir=\"ltr\" data-wpcf7-id=\"4903\">\n<div class=\"screen-reader-response\"><p role=\"status\" aria-live=\"polite\" aria-atomic=\"true\"><\/p> <ul><\/ul><\/div>\n<form action=\"\/en\/wp-json\/wp\/v2\/pages\/4910#wpcf7-f4903-o1\" method=\"post\" class=\"wpcf7-form init wpcf7-acceptance-as-validation\" aria-label=\"Contact form\" novalidate=\"novalidate\" data-status=\"init\">\n<fieldset class=\"hidden-fields-container\"><input type=\"hidden\" name=\"_wpcf7\" value=\"4903\" \/><input type=\"hidden\" name=\"_wpcf7_version\" value=\"6.1.5\" \/><input type=\"hidden\" name=\"_wpcf7_locale\" value=\"en_US\" \/><input type=\"hidden\" name=\"_wpcf7_unit_tag\" value=\"wpcf7-f4903-o1\" \/><input type=\"hidden\" name=\"_wpcf7_container_post\" value=\"0\" \/><input type=\"hidden\" name=\"_wpcf7_posted_data_hash\" value=\"\" \/>\n<\/fieldset>\n<p><label>Name (Pflichtfeld)<br \/>\n<span class=\"wpcf7-form-control-wrap\" data-name=\"your-name\"><input size=\"40\" maxlength=\"400\" class=\"wpcf7-form-control wpcf7-text wpcf7-validates-as-required\" aria-required=\"true\" aria-invalid=\"false\" value=\"\" type=\"text\" name=\"your-name\" \/><\/span> <\/label>\n<\/p>\n<p><label> E-Mail-Adresse (Pflichtfeld)<br \/>\n<span class=\"wpcf7-form-control-wrap\" data-name=\"your-email\"><input size=\"40\" maxlength=\"400\" class=\"wpcf7-form-control wpcf7-email wpcf7-validates-as-required wpcf7-text wpcf7-validates-as-email\" aria-required=\"true\" aria-invalid=\"false\" value=\"\" type=\"email\" name=\"your-email\" \/><\/span> <\/label>\n<\/p>\n<p><label> Telefon<br \/>\n<span class=\"wpcf7-form-control-wrap\" data-name=\"telefon\"><input size=\"40\" maxlength=\"400\" class=\"wpcf7-form-control wpcf7-tel wpcf7-text wpcf7-validates-as-tel\" aria-invalid=\"false\" value=\"\" type=\"tel\" name=\"telefon\" \/><\/span> <\/label>\n<\/p>\n<p><label> Betreff<br \/>\n<span class=\"wpcf7-form-control-wrap\" data-name=\"your-subject\"><input size=\"40\" maxlength=\"400\" class=\"wpcf7-form-control wpcf7-text\" aria-invalid=\"false\" value=\"\" type=\"text\" name=\"your-subject\" \/><\/span> <\/label>\n<\/p>\n<p><label> Nachricht<br \/>\n<span class=\"wpcf7-form-control-wrap\" data-name=\"your-message\"><textarea cols=\"40\" rows=\"10\" maxlength=\"2000\" class=\"wpcf7-form-control wpcf7-textarea\" aria-invalid=\"false\" name=\"your-message\"><\/textarea><\/span> <\/label>\n<\/p>\n<p><span class=\"wpcf7-form-control-wrap\" data-name=\"Datenschutz\"><span class=\"wpcf7-form-control wpcf7-acceptance optional\"><span class=\"wpcf7-list-item\"><label><input type=\"checkbox\" name=\"Datenschutz\" value=\"1\" aria-invalid=\"false\" \/><span class=\"wpcf7-list-item-label\">Ich habe folgende Informationen zur Kenntnis genommen: Ihre Angaben werden entsprechend den gesetzlichen Bestimmungen zum Datenschutz verarbeitet und genutzt. Die Daten werden nicht ohne Zustimmung an Dritte weitergegeben. Es gilt die Datenschutzerkl\u00e4rung (https:\/\/www.hrxperts.de\/datenschutzerklaerung\/) von hrXperts, die auch weitere Informationen \u00fcber M\u00f6glichkeiten zur Berichtigung, L\u00f6schung und Sperrung Ihrer Daten beinhaltet.<\/span><\/label><\/span><\/span><\/span>\n<\/p>\n<p><input class=\"wpcf7-form-control wpcf7-submit has-spinner\" type=\"submit\" value=\"Senden\" \/>\n<\/p><div class=\"wpcf7-response-output\" aria-hidden=\"true\"><\/div>\n<\/form>\n<\/div>\n<br \/>\n<\/div><\/div><\/div><\/div><div class = \"tatsu-column-bg-image-wrap\"><div class = \"tatsu-column-bg-image\" ><\/div><\/div><\/div><style>.tatsu-row > .tatsu-fqpfj6x522bo4vak.tatsu-column{width: 66.67%;}.tatsu-fqpfj6x522bo4vak.tatsu-column > .tatsu-column-inner > .tatsu-column-overlay{mix-blend-mode: none;}.tatsu-fqpfj6x522bo4vak > .tatsu-column-inner > .tatsu-top-divider{z-index: 9999;}.tatsu-fqpfj6x522bo4vak > .tatsu-column-inner > .tatsu-bottom-divider{z-index: 9999;}.tatsu-fqpfj6x522bo4vak > .tatsu-column-inner > .tatsu-left-divider{z-index: 9999;}.tatsu-fqpfj6x522bo4vak > .tatsu-column-inner > .tatsu-right-divider{z-index: 9999;}@media only screen and (max-width: 767px) {.tatsu-row > .tatsu-fqpfj6x522bo4vak.tatsu-column{width: 100%;}}<\/style><\/div><div  class=\"tatsu-column  tatsu-one-third tatsu-column-image-none tatsu-column-effect-none  tatsu-fqpfj6x5864s2rll\"  data-parallax-speed=\"0\" style=\"\"><div class=\"tatsu-column-inner \" ><div class=\"tatsu-column-pad-wrap\"><div class=\"tatsu-column-pad\" ><div  class=\"tatsu-module tatsu-text-block-wrap tatsu-rymvwVTvN  \"><div class=\"tatsu-text-inner tatsu-align-center  clearfix\" ><style>.tatsu-rymvwVTvN.tatsu-text-block-wrap .tatsu-text-inner{width: 100%;text-align: left;}<\/style>\n<p><iframe loading=\"lazy\" style=\"border: 1px solid black;\" src=\"https:\/\/www.openstreetmap.org\/export\/embed.html?bbox=6.747225522994995%2C51.26534206414212%2C6.754306554794312%2C51.26840988938584&#038;layer=mapnik&#038;marker=51.26687600236278%2C6.750766038894653\" width=\"250\" height=\"250\" frameborder=\"0\" marginwidth=\"0\" marginheight=\"0\" scrolling=\"no\"><\/iframe><br \/>\n<small><a href=\"https:\/\/www.openstreetmap.org\/?mlat=51.26688&#038;mlon=6.75077#map=18\/51.26688\/6.75077\" target=\"_blank\" rel=\"noopener\">Gr\u00f6\u00dfere Karte anzeigen<\/a><\/small><\/p>\n<\/div><\/div><div  class=\"tatsu-module tatsu-text-block-wrap tatsu-fqpfj6x58icqez4z  \"><div class=\"tatsu-text-inner tatsu-align-center  clearfix\" ><style>.tatsu-fqpfj6x58icqez4z.tatsu-text-block-wrap .tatsu-text-inner{text-align: left;}<\/style>\n<h2>hr<strong>X<\/strong>perts<\/h2>\n<p>Niederrheinstr. 3<br \/>\nD-40474 D\u00fcsseldorf<br \/>\nTelefon +49 (0)211 \u2013 97 2606 22<br \/>\nE-Mail: <a href=\"mailto:kontakt@hrXperts.de\">kontakt@hrXperts.de<\/a><br \/>\nWeb: <a href=\"https:\/\/www.hrXperts.de\" target=\"_blank\" rel=\"noopener\">www.hrXperts.de<\/a><\/p>\n<\/div><\/div><\/div><\/div><div class = \"tatsu-column-bg-image-wrap\"><div class = \"tatsu-column-bg-image\" ><\/div><\/div><\/div><style>.tatsu-row > .tatsu-fqpfj6x5864s2rll.tatsu-column{width: 33.33%;}.tatsu-fqpfj6x5864s2rll.tatsu-column > .tatsu-column-inner{background-color: #f4f4f4;}.tatsu-fqpfj6x5864s2rll.tatsu-column > .tatsu-column-inner > .tatsu-column-pad-wrap > .tatsu-column-pad{padding: 10% 10% 10% 10%;}.tatsu-fqpfj6x5864s2rll.tatsu-column > .tatsu-column-inner > .tatsu-column-overlay{mix-blend-mode: none;}.tatsu-fqpfj6x5864s2rll > .tatsu-column-inner > .tatsu-top-divider{z-index: 9999;}.tatsu-fqpfj6x5864s2rll > .tatsu-column-inner > .tatsu-bottom-divider{z-index: 9999;}.tatsu-fqpfj6x5864s2rll > .tatsu-column-inner > .tatsu-left-divider{z-index: 9999;}.tatsu-fqpfj6x5864s2rll > .tatsu-column-inner > .tatsu-right-divider{z-index: 9999;}@media only screen and (max-width: 767px) {.tatsu-row > .tatsu-fqpfj6x5864s2rll.tatsu-column{width: 100%;}}<\/style><\/div><\/div><\/div><\/div><div class=\"tatsu-section-background-wrap\"><div class = \"tatsu-section-background\" ><\/div><\/div><style>.tatsu-fqpfj6x4y8bmcvmx{border-width: 0px 0px px 0px;border-style: solid;}.tatsu-fqpfj6x4y8bmcvmx .tatsu-section-pad{padding: 30px 0% 80px 0%;}.tatsu-fqpfj6x4y8bmcvmx > .tatsu-bottom-divider{z-index: 9999;}.tatsu-fqpfj6x4y8bmcvmx > .tatsu-top-divider{z-index: 9999;}<\/style><\/div>\n","protected":false},"excerpt":{"rendered":"<p><a href=\"https:\/\/www.hrxperts.de\/en\/contact\/\" class=\"more-link style3-button\">Read More<\/a><\/p>","protected":false},"author":1,"featured_media":0,"parent":0,"menu_order":600,"comment_status":"closed","ping_status":"closed","template":"page-with-title.php","meta":{"footnotes":""},"class_list":["post-4910","page","type-page","status-publish","hentry"],"_links":{"self":[{"href":"https:\/\/www.hrxperts.de\/en\/wp-json\/wp\/v2\/pages\/4910","targetHints":{"allow":["GET"]}}],"collection":[{"href":"https:\/\/www.hrxperts.de\/en\/wp-json\/wp\/v2\/pages"}],"about":[{"href":"https:\/\/www.hrxperts.de\/en\/wp-json\/wp\/v2\/types\/page"}],"author":[{"embeddable":true,"href":"https:\/\/www.hrxperts.de\/en\/wp-json\/wp\/v2\/users\/1"}],"replies":[{"embeddable":true,"href":"https:\/\/www.hrxperts.de\/en\/wp-json\/wp\/v2\/comments?post=4910"}],"version-history":[{"count":5,"href":"https:\/\/www.hrxperts.de\/en\/wp-json\/wp\/v2\/pages\/4910\/revisions"}],"predecessor-version":[{"id":5078,"href":"https:\/\/www.hrxperts.de\/en\/wp-json\/wp\/v2\/pages\/4910\/revisions\/5078"}],"wp:attachment":[{"href":"https:\/\/www.hrxperts.de\/en\/wp-json\/wp\/v2\/media?parent=4910"}],"curies":[{"name":"wp","href":"https:\/\/api.w.org\/{rel}","templated":true}]}}