{"id":4867,"date":"2019-03-18T18:47:09","date_gmt":"2019-03-18T17:47:09","guid":{"rendered":"https:\/\/www.hrxperts.de\/karrierecoaching\/"},"modified":"2022-03-18T16:03:43","modified_gmt":"2022-03-18T15:03:43","slug":"career-coaching","status":"publish","type":"page","link":"https:\/\/www.hrxperts.de\/en\/for-private-individuals\/career-coaching\/","title":{"rendered":"Career coaching"},"content":{"rendered":"<div  class=\"tatsu-SymbSenPV tatsu-section  tatsu-fullscreen tatsu-bg-overlay   tatsu-clearfix\" data-title=\"\"  data-headerscheme=\"background--dark\"><div class=\"tatsu-fullscreen-wrap\"><div class='tatsu-section-pad clearfix' data-padding='{\"d\":\"0% 0px 0px 0px\"}' data-padding-top='0%'><div class=\"tatsu-row-wrap  tatsu-wrap tatsu-row-one-col tatsu-row-has-one-cols tatsu-medium-gutter tatsu-reg-cols  tatsu-clearfix tatsu-HyxmZHlnwE\" ><div  class=\"tatsu-row \" ><div  class=\"tatsu-column  tatsu-column-no-bg tatsu-one-col tatsu-column-image-none tatsu-column-effect-none  tatsu-B1b7WHg2vE\"  data-parallax-speed=\"0\" style=\"\"><div class=\"tatsu-column-inner \" ><div class=\"tatsu-column-pad-wrap\"><div class=\"tatsu-column-pad\" ><div  class=\"tatsu-module tatsu-inline-text clearfix tatsu-SJb32BTvE   \" ><style>.tatsu-SJb32BTvE .tatsu-inline-text-inner{width: 100%;text-align: center;}.tatsu-SJb32BTvE.tatsu-inline-text{margin: 0px 0px 0px 0px;}@media only screen and (max-width: 767px) {.tatsu-SJb32BTvE .tatsu-inline-text-inner{width: 100%;}}<\/style><div class=\"tatsu-inline-text-inner tatsu-align-center\">\n<h1><span style=\"color: #ffffff;\"><strong>Tailor-made career<\/strong><\/span><\/h1>\n<\/div><\/div><\/div><\/div><div class = \"tatsu-column-bg-image-wrap\"><div class = \"tatsu-column-bg-image\" ><\/div><\/div><\/div><style>.tatsu-row > .tatsu-B1b7WHg2vE.tatsu-column{width: 100%;}.tatsu-B1b7WHg2vE.tatsu-column > .tatsu-column-inner > .tatsu-column-overlay{mix-blend-mode: none;}.tatsu-B1b7WHg2vE > .tatsu-column-inner > .tatsu-top-divider{z-index: 9999;}.tatsu-B1b7WHg2vE > .tatsu-column-inner > .tatsu-bottom-divider{z-index: 9999;}.tatsu-B1b7WHg2vE > .tatsu-column-inner > .tatsu-left-divider{z-index: 9999;}.tatsu-B1b7WHg2vE > .tatsu-column-inner > .tatsu-right-divider{z-index: 9999;}<\/style><\/div><\/div><\/div><\/div><div class=\"tatsu-section-background-wrap\"><div class = \"tatsu-section-background\" ><\/div><\/div><div class=\"tatsu-overlay tatsu-section-overlay\"><\/div><\/div><style>.tatsu-SymbSenPV .tatsu-section-background{background-image: url(https:\/\/www.hrxperts.de\/wp-content\/uploads\/2019\/03\/Schneider.jpg);background-repeat: no-repeat;background-attachment: scroll;background-position: center center;background-size: cover;}.tatsu-SymbSenPV .tatsu-bg-blur{background-repeat: no-repeat;background-attachment: scroll;background-position: center center;background-size: cover;}.tatsu-SymbSenPV .tatsu-section-pad{padding: 0% 0px 0px 0px;}.tatsu-SymbSenPV > .tatsu-bottom-divider{z-index: 9999;}.tatsu-SymbSenPV > .tatsu-top-divider{z-index: 9999;}.tatsu-SymbSenPV .tatsu-section-overlay{background: rgba(74,144,226,0.25);mix-blend-mode: normal;}.tatsu-SymbSenPV .tatsu-fullscreen-wrap{align-items: center;}<\/style><\/div><div  class=\"tatsu-fqpfj4gsn61j3otv tatsu-section  tatsu-hide-0 tatsu-hide-desktop tatsu-hide-laptop tatsu-hide-tablet tatsu-hide-mobile   tatsu-clearfix\" data-title=\"\"  data-headerscheme=\"background--light\"><div class='tatsu-section-pad clearfix' data-padding='{\"d\":\"30px 0% 80px 0%\"}' data-padding-top='30px'><div class=\"tatsu-row-wrap  tatsu-wrap tatsu-row-one-col tatsu-row-has-one-cols tatsu-medium-gutter tatsu-reg-cols  tatsu-clearfix tatsu-HJlktymTwE\" ><div  class=\"tatsu-row \" ><div  class=\"tatsu-column  tatsu-column-no-bg tatsu-one-col tatsu-column-image-none tatsu-column-effect-none  tatsu-BkBogXawE\"  data-parallax-speed=\"0\" style=\"\"><div class=\"tatsu-column-inner \" ><div class=\"tatsu-column-pad-wrap\"><div class=\"tatsu-column-pad\" ><div  class=\"tatsu-module tatsu-text-block-wrap tatsu-SyLxxXTwV  \"><div class=\"tatsu-text-inner tatsu-align-center  clearfix\" ><style>.tatsu-SyLxxXTwV.tatsu-text-block-wrap .tatsu-text-inner{width: 100%;text-align: left;}<\/style>\n<h2>Ihr HR kann auch Recruiting?<\/h2>\n<p><img loading=\"lazy\" decoding=\"async\" class=\"size-full wp-image-3768 alignright\" src=\"https:\/\/www.hrxperts.de\/wp-content\/uploads\/2019\/03\/crowd.jpg\" alt=\"Crowd\" width=\"299\" height=\"198\" srcset=\"https:\/\/www.hrxperts.de\/wp-content\/uploads\/2019\/03\/crowd.jpg 299w, https:\/\/www.hrxperts.de\/wp-content\/uploads\/2019\/03\/crowd-76x50.jpg 76w, https:\/\/www.hrxperts.de\/wp-content\/uploads\/2019\/03\/crowd-50x33.jpg 50w\" sizes=\"auto, (max-width: 299px) 100vw, 299px\" \/><\/p>\n<p>Prima &#8211; das freut uns sehr! Doch erreichen Sie damit auch den sogenannten verdeckten Bewerbermarkt? Mit Ihren Recruitingma\u00dfnahmen erreichen Sie aktiv suchende Kandidaten, zum Beispiel \u00fcber die Schaltung oft teuer Online-Stellenanzeigen und \u00fcber Social Media Kan\u00e4le.<\/p>\n<p>Doch wie erreichen und begeistern Sie statt bereits jetzt oder bald arbeitslosen aktiv Jobsuchenden die wirklichen Spezialisten &#8211; allseits begehrt, dabei aber selbst in sicherer und gut dotierter Position und daher nicht der klassische Leser von Stellenanzeigen, wenig bis gar nicht Social-Media-affin aufgrund von starkem beruflichen Engagement?<\/p>\n<p>Wir verraten es Ihnen: Gar nicht!<\/p>\n<p>Durch unsere vorhandene Expertise in s\u00e4mtlichen Recruitingprozessen \u00fcbernehmen wir daher f\u00fcr Sie die diskrete Identifikation geeigneter Kandidaten, die Sie nicht in den herk\u00f6mmlichen Portalen, sondern an ihrem Arbeitsplatz antreffen. Nach der Identifikation nehmen wir pers\u00f6nlichen Kontakt zum Kandidaten auf, stellen Ihre Vakanz(en) positiv vor und wecken erstes Interesse f\u00fcr Ihr Unternehmen als neuen Arbeitgeber &#8211; selbstverst\u00e4ndlich v\u00f6llig diskret, auf Wunsch sogar zun\u00e4chst vollst\u00e4ndig anonym, nach Ihren W\u00fcnschen und Vorgaben.<\/p>\n<\/div><\/div><\/div><\/div><div class = \"tatsu-column-bg-image-wrap\"><div class = \"tatsu-column-bg-image\" ><\/div><\/div><\/div><style>.tatsu-row > .tatsu-BkBogXawE.tatsu-column{width: 100%;}.tatsu-BkBogXawE.tatsu-column > .tatsu-column-inner > .tatsu-column-overlay{mix-blend-mode: none;}.tatsu-BkBogXawE > .tatsu-column-inner > .tatsu-top-divider{z-index: 9999;}.tatsu-BkBogXawE > .tatsu-column-inner > .tatsu-bottom-divider{z-index: 9999;}.tatsu-BkBogXawE > .tatsu-column-inner > .tatsu-left-divider{z-index: 9999;}.tatsu-BkBogXawE > .tatsu-column-inner > .tatsu-right-divider{z-index: 9999;}@media only screen and (max-width:1377px) {.tatsu-row > .tatsu-BkBogXawE.tatsu-column{width: 100%;}}@media only screen and (min-width:768px) and (max-width: 1024px) {.tatsu-row > .tatsu-BkBogXawE.tatsu-column{width: 100%;}}@media only screen and (max-width: 767px) {.tatsu-row > .tatsu-BkBogXawE.tatsu-column{width: 100%;}}<\/style><\/div><\/div><\/div><div class=\"tatsu-row-wrap  tatsu-wrap tatsu-row-has-three-cols tatsu-medium-gutter tatsu-reg-cols  tatsu-clearfix tatsu-S1lkvZ8pPV\" ><div  class=\"tatsu-row \" ><div  class=\"tatsu-column  tatsu-column-no-bg tatsu-one-third tatsu-column-image-none tatsu-column-effect-none  tatsu-HkmDbL6DE\"  data-parallax-speed=\"0\" style=\"\"><div class=\"tatsu-column-inner \" ><div class=\"tatsu-column-pad-wrap\"><div class=\"tatsu-column-pad\" ><div  class=\"tatsu-single-image tatsu-module align-left tatsu-image-lazyload tatsu-rJHY-8aPV  \" ><div class=\"tatsu-single-image-inner \" style=\"width : 301px;\" ><div class = \"tatsu-single-image-padding-wrap\" style = \"padding-bottom : 66.445182724252%;\" ><\/div><img class = \"tatsu-gradient-border\" alt = \"Bauer\" title = \"Bauer\" data-src = \"https:\/\/www.hrxperts.de\/wp-content\/uploads\/2019\/03\/Bauer.jpg\" src =\"data:image\/png;base64,iVBORw0KGgoAAAANSUhEUgAAAAEAAAABCAQAAAC1HAwCAAAAC0lEQVR42mNkYAAAAAYAAjCB0C8AAAAASUVORK5CYII=\"  \/><\/div><style>.tatsu-rJHY-8aPV .tatsu-single-image-inner{border-style: solid;max-width: 100%;}.tatsu-rJHY-8aPV.tatsu-single-image{transform: translate3d(0px,0px, 0);}<\/style><\/div><\/div><\/div><div class = \"tatsu-column-bg-image-wrap\"><div class = \"tatsu-column-bg-image\" ><\/div><\/div><\/div><style>.tatsu-row > .tatsu-HkmDbL6DE.tatsu-column{width: 33.33%;}.tatsu-HkmDbL6DE.tatsu-column > .tatsu-column-inner > .tatsu-column-overlay{mix-blend-mode: none;}.tatsu-HkmDbL6DE > .tatsu-column-inner > .tatsu-top-divider{z-index: 9999;}.tatsu-HkmDbL6DE > .tatsu-column-inner > .tatsu-bottom-divider{z-index: 9999;}.tatsu-HkmDbL6DE > .tatsu-column-inner > .tatsu-left-divider{z-index: 9999;}.tatsu-HkmDbL6DE > .tatsu-column-inner > .tatsu-right-divider{z-index: 9999;}@media only screen and (max-width:1377px) {.tatsu-row > .tatsu-HkmDbL6DE.tatsu-column{width: 33.33%;}}@media only screen and (min-width:768px) and (max-width: 1024px) {.tatsu-row > .tatsu-HkmDbL6DE.tatsu-column{width: 33.33%;}}@media only screen and (max-width: 767px) {.tatsu-row > .tatsu-HkmDbL6DE.tatsu-column{width: 100%;}}<\/style><\/div><div  class=\"tatsu-column  tatsu-column-no-bg tatsu-one-third tatsu-column-image-none tatsu-column-effect-none  tatsu-H1lQwbI6wN\"  data-parallax-speed=\"0\" style=\"\"><div class=\"tatsu-column-inner \" ><div class=\"tatsu-column-pad-wrap\"><div class=\"tatsu-column-pad\" ><div  class=\"tatsu-module tatsu-text-block-wrap tatsu-Hy8v-LpPN  \"><div class=\"tatsu-text-inner tatsu-align-center  clearfix\" ><style>.tatsu-Hy8v-LpPN.tatsu-text-block-wrap .tatsu-text-inner{width: 100%;text-align: left;}<\/style>\n<h2 style=\"text-align: center;\">Wir finden Ihre Nadel(n) im Heuhaufen!<\/h2>\n<\/div><\/div><\/div><\/div><div class = \"tatsu-column-bg-image-wrap\"><div class = \"tatsu-column-bg-image\" ><\/div><\/div><\/div><style>.tatsu-row > .tatsu-H1lQwbI6wN.tatsu-column{width: 33.33%;}.tatsu-H1lQwbI6wN.tatsu-column > .tatsu-column-inner > .tatsu-column-overlay{mix-blend-mode: none;}.tatsu-H1lQwbI6wN > .tatsu-column-inner > .tatsu-top-divider{z-index: 9999;}.tatsu-H1lQwbI6wN > .tatsu-column-inner > .tatsu-bottom-divider{z-index: 9999;}.tatsu-H1lQwbI6wN > .tatsu-column-inner > .tatsu-left-divider{z-index: 9999;}.tatsu-H1lQwbI6wN > .tatsu-column-inner > .tatsu-right-divider{z-index: 9999;}@media only screen and (max-width:1377px) {.tatsu-row > .tatsu-H1lQwbI6wN.tatsu-column{width: 33.33%;}}@media only screen and (min-width:768px) and (max-width: 1024px) {.tatsu-row > .tatsu-H1lQwbI6wN.tatsu-column{width: 33.33%;}}@media only screen and (max-width: 767px) {.tatsu-row > .tatsu-H1lQwbI6wN.tatsu-column{width: 100%;}}<\/style><\/div><div  class=\"tatsu-column  tatsu-column-no-bg tatsu-one-third tatsu-column-image-none tatsu-column-effect-none  tatsu-BJZmDbL6DE\"  data-parallax-speed=\"0\" style=\"\"><div class=\"tatsu-column-inner \" ><div class=\"tatsu-column-pad-wrap\"><div class=\"tatsu-column-pad\" ><div  class=\"tatsu-single-image tatsu-module align-right tatsu-image-lazyload tatsu-S1XkzITw4  \" ><div class=\"tatsu-single-image-inner \" style=\"width : 305px;\" ><div class = \"tatsu-single-image-padding-wrap\" style = \"padding-bottom : 65.573770491803%;\" ><\/div><img class = \"tatsu-gradient-border\" alt = \"\" title = \"Nadelkissen\" data-src = \"https:\/\/www.hrxperts.de\/wp-content\/uploads\/2019\/03\/Nadelkissen.jpg\" src =\"data:image\/png;base64,iVBORw0KGgoAAAANSUhEUgAAAAEAAAABCAQAAAC1HAwCAAAAC0lEQVR42mNkYAAAAAYAAjCB0C8AAAAASUVORK5CYII=\"  \/><\/div><style>.tatsu-S1XkzITw4 .tatsu-single-image-inner{border-style: solid;max-width: 100%;}.tatsu-S1XkzITw4.tatsu-single-image{transform: translate3d(0px,0px, 0);}<\/style><\/div><\/div><\/div><div class = \"tatsu-column-bg-image-wrap\"><div class = \"tatsu-column-bg-image\" ><\/div><\/div><\/div><style>.tatsu-row > .tatsu-BJZmDbL6DE.tatsu-column{width: 33.33%;}.tatsu-BJZmDbL6DE.tatsu-column > .tatsu-column-inner > .tatsu-column-overlay{mix-blend-mode: none;}.tatsu-BJZmDbL6DE > .tatsu-column-inner > .tatsu-top-divider{z-index: 9999;}.tatsu-BJZmDbL6DE > .tatsu-column-inner > .tatsu-bottom-divider{z-index: 9999;}.tatsu-BJZmDbL6DE > .tatsu-column-inner > .tatsu-left-divider{z-index: 9999;}.tatsu-BJZmDbL6DE > .tatsu-column-inner > .tatsu-right-divider{z-index: 9999;}@media only screen and (max-width:1377px) {.tatsu-row > .tatsu-BJZmDbL6DE.tatsu-column{width: 33.33%;}}@media only screen and (min-width:768px) and (max-width: 1024px) {.tatsu-row > .tatsu-BJZmDbL6DE.tatsu-column{width: 33.33%;}}@media only screen and (max-width: 767px) {.tatsu-row > .tatsu-BJZmDbL6DE.tatsu-column{width: 100%;}}<\/style><\/div><\/div><\/div><\/div><div class=\"tatsu-section-background-wrap\"><div class = \"tatsu-section-background\" ><\/div><\/div><style>.tatsu-fqpfj4gsn61j3otv{border-width: 0px 0px px 0px;border-style: solid;}.tatsu-fqpfj4gsn61j3otv .tatsu-section-pad{padding: 30px 0% 80px 0%;}.tatsu-fqpfj4gsn61j3otv > .tatsu-bottom-divider{z-index: 9999;}.tatsu-fqpfj4gsn61j3otv > .tatsu-top-divider{z-index: 9999;}<\/style><\/div>\n","protected":false},"excerpt":{"rendered":"<p><a href=\"https:\/\/www.hrxperts.de\/en\/for-private-individuals\/career-coaching\/\" class=\"more-link style3-button\">Read More<\/a><\/p>","protected":false},"author":1,"featured_media":0,"parent":4917,"menu_order":420,"comment_status":"closed","ping_status":"closed","template":"page-with-title.php","meta":{"footnotes":""},"class_list":["post-4867","page","type-page","status-publish","hentry"],"_links":{"self":[{"href":"https:\/\/www.hrxperts.de\/en\/wp-json\/wp\/v2\/pages\/4867","targetHints":{"allow":["GET"]}}],"collection":[{"href":"https:\/\/www.hrxperts.de\/en\/wp-json\/wp\/v2\/pages"}],"about":[{"href":"https:\/\/www.hrxperts.de\/en\/wp-json\/wp\/v2\/types\/page"}],"author":[{"embeddable":true,"href":"https:\/\/www.hrxperts.de\/en\/wp-json\/wp\/v2\/users\/1"}],"replies":[{"embeddable":true,"href":"https:\/\/www.hrxperts.de\/en\/wp-json\/wp\/v2\/comments?post=4867"}],"version-history":[{"count":5,"href":"https:\/\/www.hrxperts.de\/en\/wp-json\/wp\/v2\/pages\/4867\/revisions"}],"predecessor-version":[{"id":5073,"href":"https:\/\/www.hrxperts.de\/en\/wp-json\/wp\/v2\/pages\/4867\/revisions\/5073"}],"up":[{"embeddable":true,"href":"https:\/\/www.hrxperts.de\/en\/wp-json\/wp\/v2\/pages\/4917"}],"wp:attachment":[{"href":"https:\/\/www.hrxperts.de\/en\/wp-json\/wp\/v2\/media?parent=4867"}],"curies":[{"name":"wp","href":"https:\/\/api.w.org\/{rel}","templated":true}]}}